{"id":3204,"date":"2019-03-12T15:29:14","date_gmt":"2019-03-12T14:29:14","guid":{"rendered":"https:\/\/www.skidome.ski\/ski-lessons\/privatlektioner\/"},"modified":"2026-01-08T08:53:34","modified_gmt":"2026-01-08T07:53:34","slug":"private-lessons","status":"publish","type":"page","link":"https:\/\/www.skidome.ski\/en\/ski-lessons\/private-lessons\/","title":{"rendered":"Private lessons"},"content":{"rendered":"","protected":false},"excerpt":{"rendered":"","protected":false},"author":1,"featured_media":0,"parent":3188,"menu_order":2,"comment_status":"closed","ping_status":"closed","template":"lektioner-kurser-page.php","meta":{"_acf_changed":false,"footnotes":""},"class_list":["post-3204","page","type-page","status-publish","hentry"],"acf":[],"yoast_head":"<!-- This site is optimized with the Yoast SEO plugin v27.3 - https:\/\/yoast.com\/product\/yoast-seo-wordpress\/ -->\n<title>Private lessons - Privatlektion l\u00e4ngdskid\u00e5kning | Skidome<\/title>\n<meta name=\"description\" content=\"Boka en privatlektion i l\u00e4ngdskid\u00e5kning med en av v\u00e5ra duktiga instrukt\u00f6rer. Vi hj\u00e4lper dig att n\u00e5 dina m\u00e5l.\" \/>\n<meta name=\"robots\" content=\"index, follow, max-snippet:-1, max-image-preview:large, max-video-preview:-1\" \/>\n<link rel=\"canonical\" href=\"https:\/\/www.skidome.ski\/en\/ski-lessons\/private-lessons\/\" \/>\n<meta property=\"og:locale\" content=\"en_US\" \/>\n<meta property=\"og:type\" content=\"article\" \/>\n<meta property=\"og:title\" content=\"Private lessons - Privatlektion l\u00e4ngdskid\u00e5kning | Skidome\" \/>\n<meta property=\"og:description\" content=\"Boka en privatlektion i l\u00e4ngdskid\u00e5kning med en av v\u00e5ra duktiga instrukt\u00f6rer. Vi hj\u00e4lper dig att n\u00e5 dina m\u00e5l.\" \/>\n<meta property=\"og:url\" content=\"https:\/\/www.skidome.ski\/en\/ski-lessons\/private-lessons\/\" \/>\n<meta property=\"og:site_name\" content=\"Skidome\" \/>\n<meta property=\"article:modified_time\" content=\"2026-01-08T07:53:34+00:00\" \/>\n<meta name=\"twitter:card\" content=\"summary_large_image\" \/>\n<script type=\"application\/ld+json\" class=\"yoast-schema-graph\">{\"@context\":\"https:\\\/\\\/schema.org\",\"@graph\":[{\"@type\":\"WebPage\",\"@id\":\"https:\\\/\\\/www.skidome.ski\\\/en\\\/ski-lessons\\\/private-lessons\\\/\",\"url\":\"https:\\\/\\\/www.skidome.ski\\\/en\\\/ski-lessons\\\/private-lessons\\\/\",\"name\":\"Private lessons - Privatlektion l\u00e4ngdskid\u00e5kning | Skidome\",\"isPartOf\":{\"@id\":\"https:\\\/\\\/www.skidome.ski\\\/#website\"},\"datePublished\":\"2019-03-12T14:29:14+00:00\",\"dateModified\":\"2026-01-08T07:53:34+00:00\",\"description\":\"Boka en privatlektion i l\u00e4ngdskid\u00e5kning med en av v\u00e5ra duktiga instrukt\u00f6rer. Vi hj\u00e4lper dig att n\u00e5 dina m\u00e5l.\",\"breadcrumb\":{\"@id\":\"https:\\\/\\\/www.skidome.ski\\\/en\\\/ski-lessons\\\/private-lessons\\\/#breadcrumb\"},\"inLanguage\":\"en-US\",\"potentialAction\":[{\"@type\":\"ReadAction\",\"target\":[\"https:\\\/\\\/www.skidome.ski\\\/en\\\/ski-lessons\\\/private-lessons\\\/\"]}]},{\"@type\":\"BreadcrumbList\",\"@id\":\"https:\\\/\\\/www.skidome.ski\\\/en\\\/ski-lessons\\\/private-lessons\\\/#breadcrumb\",\"itemListElement\":[{\"@type\":\"ListItem\",\"position\":1,\"name\":\"Hem\",\"item\":\"https:\\\/\\\/www.skidome.ski\\\/en\\\/\"},{\"@type\":\"ListItem\",\"position\":2,\"name\":\"Ski lessons\",\"item\":\"https:\\\/\\\/www.skidome.ski\\\/en\\\/ski-lessons\\\/\"},{\"@type\":\"ListItem\",\"position\":3,\"name\":\"Private lessons\"}]},{\"@type\":\"WebSite\",\"@id\":\"https:\\\/\\\/www.skidome.ski\\\/#website\",\"url\":\"https:\\\/\\\/www.skidome.ski\\\/\",\"name\":\"Skidome\",\"description\":\"Unik skidhall med 1,2 km l\u00e5nga inomhussp\u00e5r\",\"potentialAction\":[{\"@type\":\"SearchAction\",\"target\":{\"@type\":\"EntryPoint\",\"urlTemplate\":\"https:\\\/\\\/www.skidome.ski\\\/?s={search_term_string}\"},\"query-input\":{\"@type\":\"PropertyValueSpecification\",\"valueRequired\":true,\"valueName\":\"search_term_string\"}}],\"inLanguage\":\"en-US\"}]}<\/script>\n<!-- \/ Yoast SEO plugin. -->","yoast_head_json":{"title":"Private lessons - Privatlektion l\u00e4ngdskid\u00e5kning | Skidome","description":"Boka en privatlektion i l\u00e4ngdskid\u00e5kning med en av v\u00e5ra duktiga instrukt\u00f6rer. Vi hj\u00e4lper dig att n\u00e5 dina m\u00e5l.","robots":{"index":"index","follow":"follow","max-snippet":"max-snippet:-1","max-image-preview":"max-image-preview:large","max-video-preview":"max-video-preview:-1"},"canonical":"https:\/\/www.skidome.ski\/en\/ski-lessons\/private-lessons\/","og_locale":"en_US","og_type":"article","og_title":"Private lessons - Privatlektion l\u00e4ngdskid\u00e5kning | Skidome","og_description":"Boka en privatlektion i l\u00e4ngdskid\u00e5kning med en av v\u00e5ra duktiga instrukt\u00f6rer. Vi hj\u00e4lper dig att n\u00e5 dina m\u00e5l.","og_url":"https:\/\/www.skidome.ski\/en\/ski-lessons\/private-lessons\/","og_site_name":"Skidome","article_modified_time":"2026-01-08T07:53:34+00:00","twitter_card":"summary_large_image","schema":{"@context":"https:\/\/schema.org","@graph":[{"@type":"WebPage","@id":"https:\/\/www.skidome.ski\/en\/ski-lessons\/private-lessons\/","url":"https:\/\/www.skidome.ski\/en\/ski-lessons\/private-lessons\/","name":"Private lessons - Privatlektion l\u00e4ngdskid\u00e5kning | Skidome","isPartOf":{"@id":"https:\/\/www.skidome.ski\/#website"},"datePublished":"2019-03-12T14:29:14+00:00","dateModified":"2026-01-08T07:53:34+00:00","description":"Boka en privatlektion i l\u00e4ngdskid\u00e5kning med en av v\u00e5ra duktiga instrukt\u00f6rer. Vi hj\u00e4lper dig att n\u00e5 dina m\u00e5l.","breadcrumb":{"@id":"https:\/\/www.skidome.ski\/en\/ski-lessons\/private-lessons\/#breadcrumb"},"inLanguage":"en-US","potentialAction":[{"@type":"ReadAction","target":["https:\/\/www.skidome.ski\/en\/ski-lessons\/private-lessons\/"]}]},{"@type":"BreadcrumbList","@id":"https:\/\/www.skidome.ski\/en\/ski-lessons\/private-lessons\/#breadcrumb","itemListElement":[{"@type":"ListItem","position":1,"name":"Hem","item":"https:\/\/www.skidome.ski\/en\/"},{"@type":"ListItem","position":2,"name":"Ski lessons","item":"https:\/\/www.skidome.ski\/en\/ski-lessons\/"},{"@type":"ListItem","position":3,"name":"Private lessons"}]},{"@type":"WebSite","@id":"https:\/\/www.skidome.ski\/#website","url":"https:\/\/www.skidome.ski\/","name":"Skidome","description":"Unik skidhall med 1,2 km l\u00e5nga inomhussp\u00e5r","potentialAction":[{"@type":"SearchAction","target":{"@type":"EntryPoint","urlTemplate":"https:\/\/www.skidome.ski\/?s={search_term_string}"},"query-input":{"@type":"PropertyValueSpecification","valueRequired":true,"valueName":"search_term_string"}}],"inLanguage":"en-US"}]}},"_links":{"self":[{"href":"https:\/\/www.skidome.ski\/en\/wp-json\/wp\/v2\/pages\/3204","targetHints":{"allow":["GET"]}}],"collection":[{"href":"https:\/\/www.skidome.ski\/en\/wp-json\/wp\/v2\/pages"}],"about":[{"href":"https:\/\/www.skidome.ski\/en\/wp-json\/wp\/v2\/types\/page"}],"author":[{"embeddable":true,"href":"https:\/\/www.skidome.ski\/en\/wp-json\/wp\/v2\/users\/1"}],"replies":[{"embeddable":true,"href":"https:\/\/www.skidome.ski\/en\/wp-json\/wp\/v2\/comments?post=3204"}],"version-history":[{"count":20,"href":"https:\/\/www.skidome.ski\/en\/wp-json\/wp\/v2\/pages\/3204\/revisions"}],"predecessor-version":[{"id":6250,"href":"https:\/\/www.skidome.ski\/en\/wp-json\/wp\/v2\/pages\/3204\/revisions\/6250"}],"up":[{"embeddable":true,"href":"https:\/\/www.skidome.ski\/en\/wp-json\/wp\/v2\/pages\/3188"}],"wp:attachment":[{"href":"https:\/\/www.skidome.ski\/en\/wp-json\/wp\/v2\/media?parent=3204"}],"curies":[{"name":"wp","href":"https:\/\/api.w.org\/{rel}","templated":true}]}}