{"id":3181,"date":"2019-12-19T12:17:14","date_gmt":"2019-12-19T11:17:14","guid":{"rendered":"https:\/\/www.skidome.ski\/bli-medlem\/"},"modified":"2025-10-28T15:16:13","modified_gmt":"2025-10-28T14:16:13","slug":"memberships","status":"publish","type":"page","link":"https:\/\/www.skidome.ski\/en\/memberships\/","title":{"rendered":"Memberships"},"content":{"rendered":"","protected":false},"excerpt":{"rendered":"","protected":false},"author":2,"featured_media":0,"parent":0,"menu_order":0,"comment_status":"closed","ping_status":"closed","template":"","meta":{"_acf_changed":false,"footnotes":""},"class_list":["post-3181","page","type-page","status-publish","hentry"],"acf":[],"yoast_head":"<!-- This site is optimized with the Yoast SEO plugin v27.3 - https:\/\/yoast.com\/product\/yoast-seo-wordpress\/ -->\n<title>Memberships | Skidome<\/title>\n<meta name=\"description\" content=\"H\u00e4r k\u00f6per du ditt medlemskap hos oss p\u00e5 Skidome. Oavsett om du bara vill \u00e5ka ibland eller varje dag \u00e5ret om - s\u00e5 har vi n\u00e5got f\u00f6r dig.\" \/>\n<meta name=\"robots\" content=\"index, follow, max-snippet:-1, max-image-preview:large, max-video-preview:-1\" \/>\n<link rel=\"canonical\" href=\"https:\/\/www.skidome.ski\/en\/memberships\/\" \/>\n<meta property=\"og:locale\" content=\"en_US\" \/>\n<meta property=\"og:type\" content=\"article\" \/>\n<meta property=\"og:title\" content=\"Memberships | Skidome\" \/>\n<meta property=\"og:description\" content=\"H\u00e4r k\u00f6per du ditt medlemskap hos oss p\u00e5 Skidome. Oavsett om du bara vill \u00e5ka ibland eller varje dag \u00e5ret om - s\u00e5 har vi n\u00e5got f\u00f6r dig.\" \/>\n<meta property=\"og:url\" content=\"https:\/\/www.skidome.ski\/en\/memberships\/\" \/>\n<meta property=\"og:site_name\" content=\"Skidome\" \/>\n<meta property=\"article:modified_time\" content=\"2025-10-28T14:16:13+00:00\" \/>\n<meta name=\"twitter:card\" content=\"summary_large_image\" \/>\n<script type=\"application\/ld+json\" class=\"yoast-schema-graph\">{\"@context\":\"https:\\\/\\\/schema.org\",\"@graph\":[{\"@type\":\"WebPage\",\"@id\":\"https:\\\/\\\/www.skidome.ski\\\/en\\\/memberships\\\/\",\"url\":\"https:\\\/\\\/www.skidome.ski\\\/en\\\/memberships\\\/\",\"name\":\"Memberships | Skidome\",\"isPartOf\":{\"@id\":\"https:\\\/\\\/www.skidome.ski\\\/#website\"},\"datePublished\":\"2019-12-19T11:17:14+00:00\",\"dateModified\":\"2025-10-28T14:16:13+00:00\",\"description\":\"H\u00e4r k\u00f6per du ditt medlemskap hos oss p\u00e5 Skidome. Oavsett om du bara vill \u00e5ka ibland eller varje dag \u00e5ret om - s\u00e5 har vi n\u00e5got f\u00f6r dig.\",\"breadcrumb\":{\"@id\":\"https:\\\/\\\/www.skidome.ski\\\/en\\\/memberships\\\/#breadcrumb\"},\"inLanguage\":\"en-US\",\"potentialAction\":[{\"@type\":\"ReadAction\",\"target\":[\"https:\\\/\\\/www.skidome.ski\\\/en\\\/memberships\\\/\"]}]},{\"@type\":\"BreadcrumbList\",\"@id\":\"https:\\\/\\\/www.skidome.ski\\\/en\\\/memberships\\\/#breadcrumb\",\"itemListElement\":[{\"@type\":\"ListItem\",\"position\":1,\"name\":\"Hem\",\"item\":\"https:\\\/\\\/www.skidome.ski\\\/en\\\/\"},{\"@type\":\"ListItem\",\"position\":2,\"name\":\"Memberships\"}]},{\"@type\":\"WebSite\",\"@id\":\"https:\\\/\\\/www.skidome.ski\\\/#website\",\"url\":\"https:\\\/\\\/www.skidome.ski\\\/\",\"name\":\"Skidome\",\"description\":\"Unik skidhall med 1,2 km l\u00e5nga inomhussp\u00e5r\",\"potentialAction\":[{\"@type\":\"SearchAction\",\"target\":{\"@type\":\"EntryPoint\",\"urlTemplate\":\"https:\\\/\\\/www.skidome.ski\\\/?s={search_term_string}\"},\"query-input\":{\"@type\":\"PropertyValueSpecification\",\"valueRequired\":true,\"valueName\":\"search_term_string\"}}],\"inLanguage\":\"en-US\"}]}<\/script>\n<!-- \/ Yoast SEO plugin. -->","yoast_head_json":{"title":"Memberships | Skidome","description":"H\u00e4r k\u00f6per du ditt medlemskap hos oss p\u00e5 Skidome. Oavsett om du bara vill \u00e5ka ibland eller varje dag \u00e5ret om - s\u00e5 har vi n\u00e5got f\u00f6r dig.","robots":{"index":"index","follow":"follow","max-snippet":"max-snippet:-1","max-image-preview":"max-image-preview:large","max-video-preview":"max-video-preview:-1"},"canonical":"https:\/\/www.skidome.ski\/en\/memberships\/","og_locale":"en_US","og_type":"article","og_title":"Memberships | Skidome","og_description":"H\u00e4r k\u00f6per du ditt medlemskap hos oss p\u00e5 Skidome. Oavsett om du bara vill \u00e5ka ibland eller varje dag \u00e5ret om - s\u00e5 har vi n\u00e5got f\u00f6r dig.","og_url":"https:\/\/www.skidome.ski\/en\/memberships\/","og_site_name":"Skidome","article_modified_time":"2025-10-28T14:16:13+00:00","twitter_card":"summary_large_image","schema":{"@context":"https:\/\/schema.org","@graph":[{"@type":"WebPage","@id":"https:\/\/www.skidome.ski\/en\/memberships\/","url":"https:\/\/www.skidome.ski\/en\/memberships\/","name":"Memberships | Skidome","isPartOf":{"@id":"https:\/\/www.skidome.ski\/#website"},"datePublished":"2019-12-19T11:17:14+00:00","dateModified":"2025-10-28T14:16:13+00:00","description":"H\u00e4r k\u00f6per du ditt medlemskap hos oss p\u00e5 Skidome. Oavsett om du bara vill \u00e5ka ibland eller varje dag \u00e5ret om - s\u00e5 har vi n\u00e5got f\u00f6r dig.","breadcrumb":{"@id":"https:\/\/www.skidome.ski\/en\/memberships\/#breadcrumb"},"inLanguage":"en-US","potentialAction":[{"@type":"ReadAction","target":["https:\/\/www.skidome.ski\/en\/memberships\/"]}]},{"@type":"BreadcrumbList","@id":"https:\/\/www.skidome.ski\/en\/memberships\/#breadcrumb","itemListElement":[{"@type":"ListItem","position":1,"name":"Hem","item":"https:\/\/www.skidome.ski\/en\/"},{"@type":"ListItem","position":2,"name":"Memberships"}]},{"@type":"WebSite","@id":"https:\/\/www.skidome.ski\/#website","url":"https:\/\/www.skidome.ski\/","name":"Skidome","description":"Unik skidhall med 1,2 km l\u00e5nga inomhussp\u00e5r","potentialAction":[{"@type":"SearchAction","target":{"@type":"EntryPoint","urlTemplate":"https:\/\/www.skidome.ski\/?s={search_term_string}"},"query-input":{"@type":"PropertyValueSpecification","valueRequired":true,"valueName":"search_term_string"}}],"inLanguage":"en-US"}]}},"_links":{"self":[{"href":"https:\/\/www.skidome.ski\/en\/wp-json\/wp\/v2\/pages\/3181","targetHints":{"allow":["GET"]}}],"collection":[{"href":"https:\/\/www.skidome.ski\/en\/wp-json\/wp\/v2\/pages"}],"about":[{"href":"https:\/\/www.skidome.ski\/en\/wp-json\/wp\/v2\/types\/page"}],"author":[{"embeddable":true,"href":"https:\/\/www.skidome.ski\/en\/wp-json\/wp\/v2\/users\/2"}],"replies":[{"embeddable":true,"href":"https:\/\/www.skidome.ski\/en\/wp-json\/wp\/v2\/comments?post=3181"}],"version-history":[{"count":18,"href":"https:\/\/www.skidome.ski\/en\/wp-json\/wp\/v2\/pages\/3181\/revisions"}],"predecessor-version":[{"id":6111,"href":"https:\/\/www.skidome.ski\/en\/wp-json\/wp\/v2\/pages\/3181\/revisions\/6111"}],"wp:attachment":[{"href":"https:\/\/www.skidome.ski\/en\/wp-json\/wp\/v2\/media?parent=3181"}],"curies":[{"name":"wp","href":"https:\/\/api.w.org\/{rel}","templated":true}]}}